{"id":12508,"date":"2023-12-08T09:34:36","date_gmt":"2023-12-08T09:34:36","guid":{"rendered":"https:\/\/kristall.ch\/?page_id=12508"},"modified":"2024-10-14T14:15:10","modified_gmt":"2024-10-14T14:15:10","slug":"boutique-de-bons-dachat","status":"publish","type":"page","link":"https:\/\/kristall.ch\/fr\/boutique-de-bons-dachat\/","title":{"rendered":"Boutique de bons d&rsquo;achat"},"content":{"rendered":"<p>[et_pb_section fb_built=\u00a0\u00bb1&Prime; _builder_version=\u00a0\u00bb4.16&Prime; _module_preset=\u00a0\u00bbdefault\u00a0\u00bb custom_margin=\u00a0\u00bb0px||||false|false\u00a0\u00bb custom_padding=\u00a0\u00bb0px|||||\u00a0\u00bb global_colors_info=\u00a0\u00bb{}\u00a0\u00bb][et_pb_row _builder_version=\u00a0\u00bb4.16&Prime; _module_preset=\u00a0\u00bbdefault\u00a0\u00bb width=\u00a0\u00bb100%\u00a0\u00bb max_width=\u00a0\u00bbnone\u00a0\u00bb custom_padding=\u00a0\u00bb0px|||||\u00a0\u00bb background_last_edited=\u00a0\u00bboff|desktop\u00a0\u00bb global_colors_info=\u00a0\u00bb{}\u00a0\u00bb][et_pb_column type=\u00a0\u00bb4_4&Prime; _builder_version=\u00a0\u00bb4.16&Prime; _module_preset=\u00a0\u00bbdefault\u00a0\u00bb global_colors_info=\u00a0\u00bb{}\u00a0\u00bb][et_pb_slider use_bg_overlay=\u00a0\u00bboff\u00a0\u00bb _builder_version=\u00a0\u00bb4.27.0&Prime; _module_preset=\u00a0\u00bbdefault\u00a0\u00bb header_level=\u00a0\u00bbh1&Prime; header_font=\u00a0\u00bbDancing Script|600|||||||\u00a0\u00bb header_font_size=\u00a0\u00bb50px\u00a0\u00bb body_font=\u00a0\u00bbOpen Sans||||||||\u00a0\u00bb body_font_size=\u00a0\u00bb30px\u00a0\u00bb use_background_color_gradient=\u00a0\u00bbon\u00a0\u00bb background_color_gradient_stops=\u00a0\u00bbrgba(216,216,216,0) 56%|rgba(61,61,61,0.99) 97%\u00a0\u00bb background_color_gradient_overlays_image=\u00a0\u00bbon\u00a0\u00bb background_color_gradient_start=\u00a0\u00bbrgba(216,216,216,0)\u00a0\u00bb background_color_gradient_start_position=\u00a0\u00bb56%\u00a0\u00bb background_color_gradient_end=\u00a0\u00bbrgba(61,61,61,0.99)\u00a0\u00bb background_color_gradient_end_position=\u00a0\u00bb97%\u00a0\u00bb background_enable_image=\u00a0\u00bboff\u00a0\u00bb custom_button=\u00a0\u00bbon\u00a0\u00bb button_text_size=\u00a0\u00bb15px\u00a0\u00bb button_text_color=\u00a0\u00bb#ffffff\u00a0\u00bb button_bg_color=\u00a0\u00bbrgba(63,162,247,0)\u00a0\u00bb button_border_width=\u00a0\u00bb1px\u00a0\u00bb button_border_color=\u00a0\u00bb#ffffff\u00a0\u00bb button_border_radius=\u00a0\u00bb0px\u00a0\u00bb button_letter_spacing=\u00a0\u00bb1px\u00a0\u00bb button_font=\u00a0\u00bbPlayfair Display||||||||\u00a0\u00bb button_use_icon=\u00a0\u00bboff\u00a0\u00bb custom_margin=\u00a0\u00bb||-275px||false|false\u00a0\u00bb custom_padding=\u00a0\u00bb468px||100px||false|false\u00a0\u00bb hover_enabled=\u00a0\u00bb0&Prime; global_colors_info=\u00a0\u00bb{}\u00a0\u00bb button_text_color__hover=\u00a0\u00bbrgba(255,255,255,0.98)\u00a0\u00bb button_text_color__hover_enabled=\u00a0\u00bbon\u00a0\u00bb button_bg_color__hover=\u00a0\u00bbrgba(255,255,255,0)\u00a0\u00bb button_bg_color__hover_enabled=\u00a0\u00bbon\u00a0\u00bb button_border_color__hover=\u00a0\u00bbrgba(255,255,255,0.99)\u00a0\u00bb button_border_color__hover_enabled=\u00a0\u00bbon\u00a0\u00bb button_letter_spacing__hover=\u00a0\u00bb2px\u00a0\u00bb button_letter_spacing__hover_enabled=\u00a0\u00bbon\u00a0\u00bb sticky_enabled=\u00a0\u00bb0&Prime;][et_pb_slide heading=\u00a0\u00bbBoutique de bons d&apos;achat\u00a0\u00bb _builder_version=\u00a0\u00bb4.27.0&Prime; _module_preset=\u00a0\u00bbdefault\u00a0\u00bb header_level=\u00a0\u00bbh1&Prime; header_font=\u00a0\u00bbOpen Sans|700|||||||\u00a0\u00bb header_text_color=\u00a0\u00bb#FFFFFF\u00a0\u00bb header_font_size=\u00a0\u00bb40px\u00a0\u00bb header_line_height=\u00a0\u00bb1.4em\u00a0\u00bb body_font=\u00a0\u00bbDancing Script|600|||||||\u00a0\u00bb body_text_color=\u00a0\u00bb#FFFFFF\u00a0\u00bb body_font_size=\u00a0\u00bb50px\u00a0\u00bb body_line_height=\u00a0\u00bb1.4em\u00a0\u00bb background_enable_color=\u00a0\u00bboff\u00a0\u00bb background_image=\u00a0\u00bbhttps:\/\/kristall.ch\/wp-content\/uploads\/2024\/04\/160_Hotel-Kristall_Jan-2023_puzzlemedia.ch_-scaled.avif\u00a0\u00bb background_enable_image=\u00a0\u00bbon\u00a0\u00bb hover_enabled=\u00a0\u00bb0&Prime; global_colors_info=\u00a0\u00bb{}\u00a0\u00bb sticky_transition=\u00a0\u00bbon\u00a0\u00bb title_text=\u00a0\u00bbHotel Kristall\u00a0\u00bb sticky_enabled=\u00a0\u00bb0&Prime;]<\/p>\n<p>Surprenez vos proches !<\/p>\n<p>[\/et_pb_slide][\/et_pb_slider][\/et_pb_column][\/et_pb_row][\/et_pb_section][et_pb_section fb_built=\u00a0\u00bb1&Prime; _builder_version=\u00a0\u00bb4.23.1&Prime; _module_preset=\u00a0\u00bbdefault\u00a0\u00bb global_colors_info=\u00a0\u00bb{}\u00a0\u00bb][et_pb_row _builder_version=\u00a0\u00bb4.23.1&Prime; _module_preset=\u00a0\u00bbdefault\u00a0\u00bb module_alignment=\u00a0\u00bbcenter\u00a0\u00bb global_colors_info=\u00a0\u00bb{}\u00a0\u00bb][et_pb_column type=\u00a0\u00bb4_4&Prime; _builder_version=\u00a0\u00bb4.23.1&Prime; _module_preset=\u00a0\u00bbdefault\u00a0\u00bb global_colors_info=\u00a0\u00bb{}\u00a0\u00bb][et_pb_divider show_divider=\u00a0\u00bboff\u00a0\u00bb _builder_version=\u00a0\u00bb4.23.1&Prime; _module_preset=\u00a0\u00bbdefault\u00a0\u00bb height=\u00a0\u00bb100px\u00a0\u00bb global_colors_info=\u00a0\u00bb{}\u00a0\u00bb][\/et_pb_divider][et_pb_code _builder_version=\u00a0\u00bb4.23.1&Prime; _module_preset=\u00a0\u00bbdefault\u00a0\u00bb module_alignment=\u00a0\u00bbcenter\u00a0\u00bb global_colors_info=\u00a0\u00bb{}\u00a0\u00bb]<\/p>\n<div id=\"myIncertIframe\"><\/div>\n<p><!-- [et_pb_line_break_holder] --><!-- [et_pb_line_break_holder] --><!-- [et_pb_line_break_holder] --><script type=\"text\/javascript\"><!-- [et_pb_line_break_holder] -->!function(i,n,c,e,r,t,s,h,o,p){<!-- [et_pb_line_break_holder] --> i[e]=i[e]||function(){(i[e].q=i[e].q||[]).push([].slice.call(arguments))},<!-- [et_pb_line_break_holder] --> p=n.createElement(c),p.src=r,<!-- [et_pb_line_break_holder] --> p.onload=function(){IncertClass.n=e,incertIframe(t,s,h)},n.head.appendChild(p)<!-- [et_pb_line_break_holder] -->}(window, document, \"SCRIPT\", \"inc\",<!-- [et_pb_line_break_holder] -->\"https:\/\/myincert.com\/public\/api\/incertClient.js\", \"myIncertIframe\",<!-- [et_pb_line_break_holder] --> \"https:\/\/kristall.traumgutscheine.com\/start.php?incertframe=new\");<!-- [et_pb_line_break_holder] --><\/script>[\/et_pb_code][\/et_pb_column][\/et_pb_row][\/et_pb_section]<\/p>\n","protected":false},"excerpt":{"rendered":"<p>Surprenez vos proches !<\/p>\n","protected":false},"author":4,"featured_media":0,"parent":0,"menu_order":9,"comment_status":"closed","ping_status":"closed","template":"","meta":{"_et_pb_use_builder":"on","_et_pb_old_content":"","_et_gb_content_width":"","footnotes":""},"class_list":["post-12508","page","type-page","status-publish","hentry"],"yoast_head":"<!-- This site is optimized with the Yoast SEO plugin v27.5 - https:\/\/yoast.com\/product\/yoast-seo-wordpress\/ -->\n<title>Boutique de bons d&#039;achat - H\u00f4tel Kristall-Saphir Superior \u00e0 Saas-Almagell<\/title>\n<meta name=\"description\" content=\"L&#039;h\u00f4tel Kirstall-Saphir leur offre un emplacement id\u00e9al, un espace de d\u00e9tente luxueux et un service de navette directement vers la station de la vall\u00e9e.\" \/>\n<meta name=\"robots\" content=\"index, follow, max-snippet:-1, max-image-preview:large, max-video-preview:-1\" \/>\n<link rel=\"canonical\" href=\"https:\/\/kristall.ch\/fr\/boutique-de-bons-dachat\/\" \/>\n<meta property=\"og:locale\" content=\"fr_FR\" \/>\n<meta property=\"og:type\" content=\"article\" \/>\n<meta property=\"og:title\" content=\"Boutique de bons d&#039;achat - H\u00f4tel Kristall-Saphir Superior \u00e0 Saas-Almagell\" \/>\n<meta property=\"og:description\" content=\"L&#039;h\u00f4tel Kirstall-Saphir leur offre un emplacement id\u00e9al, un espace de d\u00e9tente luxueux et un service de navette directement vers la station de la vall\u00e9e.\" \/>\n<meta property=\"og:url\" content=\"https:\/\/kristall.ch\/fr\/boutique-de-bons-dachat\/\" \/>\n<meta property=\"og:site_name\" content=\"Kristall-Saphir\" \/>\n<meta property=\"article:modified_time\" content=\"2024-10-14T14:15:10+00:00\" \/>\n<meta name=\"twitter:card\" content=\"summary_large_image\" \/>\n<meta name=\"twitter:label1\" content=\"Dur\u00e9e de lecture estim\u00e9e\" \/>\n\t<meta name=\"twitter:data1\" content=\"2 minutes\" \/>\n<script type=\"application\/ld+json\" class=\"yoast-schema-graph\">{\"@context\":\"https:\\\/\\\/schema.org\",\"@graph\":[{\"@type\":\"WebPage\",\"@id\":\"https:\\\/\\\/kristall.ch\\\/fr\\\/boutique-de-bons-dachat\\\/\",\"url\":\"https:\\\/\\\/kristall.ch\\\/fr\\\/boutique-de-bons-dachat\\\/\",\"name\":\"Boutique de bons d'achat - H\u00f4tel Kristall-Saphir Superior \u00e0 Saas-Almagell\",\"isPartOf\":{\"@id\":\"https:\\\/\\\/kristall.ch\\\/#website\"},\"datePublished\":\"2023-12-08T09:34:36+00:00\",\"dateModified\":\"2024-10-14T14:15:10+00:00\",\"description\":\"L'h\u00f4tel Kirstall-Saphir leur offre un emplacement id\u00e9al, un espace de d\u00e9tente luxueux et un service de navette directement vers la station de la vall\u00e9e.\",\"breadcrumb\":{\"@id\":\"https:\\\/\\\/kristall.ch\\\/fr\\\/boutique-de-bons-dachat\\\/#breadcrumb\"},\"inLanguage\":\"fr-FR\",\"potentialAction\":[{\"@type\":\"ReadAction\",\"target\":[\"https:\\\/\\\/kristall.ch\\\/fr\\\/boutique-de-bons-dachat\\\/\"]}]},{\"@type\":\"BreadcrumbList\",\"@id\":\"https:\\\/\\\/kristall.ch\\\/fr\\\/boutique-de-bons-dachat\\\/#breadcrumb\",\"itemListElement\":[{\"@type\":\"ListItem\",\"position\":1,\"name\":\"Home\",\"item\":\"https:\\\/\\\/kristall.ch\\\/\"},{\"@type\":\"ListItem\",\"position\":2,\"name\":\"Boutique de bons d&#8217;achat\"}]},{\"@type\":\"WebSite\",\"@id\":\"https:\\\/\\\/kristall.ch\\\/#website\",\"url\":\"https:\\\/\\\/kristall.ch\\\/\",\"name\":\"Kristall-Saphir\",\"description\":\"Das Hotel in Saas-Almagell\",\"potentialAction\":[{\"@type\":\"SearchAction\",\"target\":{\"@type\":\"EntryPoint\",\"urlTemplate\":\"https:\\\/\\\/kristall.ch\\\/?s={search_term_string}\"},\"query-input\":{\"@type\":\"PropertyValueSpecification\",\"valueRequired\":true,\"valueName\":\"search_term_string\"}}],\"inLanguage\":\"fr-FR\"}]}<\/script>\n<!-- \/ Yoast SEO plugin. -->","yoast_head_json":{"title":"Boutique de bons d'achat - H\u00f4tel Kristall-Saphir Superior \u00e0 Saas-Almagell","description":"L'h\u00f4tel Kirstall-Saphir leur offre un emplacement id\u00e9al, un espace de d\u00e9tente luxueux et un service de navette directement vers la station de la vall\u00e9e.","robots":{"index":"index","follow":"follow","max-snippet":"max-snippet:-1","max-image-preview":"max-image-preview:large","max-video-preview":"max-video-preview:-1"},"canonical":"https:\/\/kristall.ch\/fr\/boutique-de-bons-dachat\/","og_locale":"fr_FR","og_type":"article","og_title":"Boutique de bons d'achat - H\u00f4tel Kristall-Saphir Superior \u00e0 Saas-Almagell","og_description":"L'h\u00f4tel Kirstall-Saphir leur offre un emplacement id\u00e9al, un espace de d\u00e9tente luxueux et un service de navette directement vers la station de la vall\u00e9e.","og_url":"https:\/\/kristall.ch\/fr\/boutique-de-bons-dachat\/","og_site_name":"Kristall-Saphir","article_modified_time":"2024-10-14T14:15:10+00:00","twitter_card":"summary_large_image","twitter_misc":{"Dur\u00e9e de lecture estim\u00e9e":"2 minutes"},"schema":{"@context":"https:\/\/schema.org","@graph":[{"@type":"WebPage","@id":"https:\/\/kristall.ch\/fr\/boutique-de-bons-dachat\/","url":"https:\/\/kristall.ch\/fr\/boutique-de-bons-dachat\/","name":"Boutique de bons d'achat - H\u00f4tel Kristall-Saphir Superior \u00e0 Saas-Almagell","isPartOf":{"@id":"https:\/\/kristall.ch\/#website"},"datePublished":"2023-12-08T09:34:36+00:00","dateModified":"2024-10-14T14:15:10+00:00","description":"L'h\u00f4tel Kirstall-Saphir leur offre un emplacement id\u00e9al, un espace de d\u00e9tente luxueux et un service de navette directement vers la station de la vall\u00e9e.","breadcrumb":{"@id":"https:\/\/kristall.ch\/fr\/boutique-de-bons-dachat\/#breadcrumb"},"inLanguage":"fr-FR","potentialAction":[{"@type":"ReadAction","target":["https:\/\/kristall.ch\/fr\/boutique-de-bons-dachat\/"]}]},{"@type":"BreadcrumbList","@id":"https:\/\/kristall.ch\/fr\/boutique-de-bons-dachat\/#breadcrumb","itemListElement":[{"@type":"ListItem","position":1,"name":"Home","item":"https:\/\/kristall.ch\/"},{"@type":"ListItem","position":2,"name":"Boutique de bons d&#8217;achat"}]},{"@type":"WebSite","@id":"https:\/\/kristall.ch\/#website","url":"https:\/\/kristall.ch\/","name":"Kristall-Saphir","description":"Das Hotel in Saas-Almagell","potentialAction":[{"@type":"SearchAction","target":{"@type":"EntryPoint","urlTemplate":"https:\/\/kristall.ch\/?s={search_term_string}"},"query-input":{"@type":"PropertyValueSpecification","valueRequired":true,"valueName":"search_term_string"}}],"inLanguage":"fr-FR"}]}},"_links":{"self":[{"href":"https:\/\/kristall.ch\/fr\/wp-json\/wp\/v2\/pages\/12508","targetHints":{"allow":["GET"]}}],"collection":[{"href":"https:\/\/kristall.ch\/fr\/wp-json\/wp\/v2\/pages"}],"about":[{"href":"https:\/\/kristall.ch\/fr\/wp-json\/wp\/v2\/types\/page"}],"author":[{"embeddable":true,"href":"https:\/\/kristall.ch\/fr\/wp-json\/wp\/v2\/users\/4"}],"replies":[{"embeddable":true,"href":"https:\/\/kristall.ch\/fr\/wp-json\/wp\/v2\/comments?post=12508"}],"version-history":[{"count":0,"href":"https:\/\/kristall.ch\/fr\/wp-json\/wp\/v2\/pages\/12508\/revisions"}],"wp:attachment":[{"href":"https:\/\/kristall.ch\/fr\/wp-json\/wp\/v2\/media?parent=12508"}],"curies":[{"name":"wp","href":"https:\/\/api.w.org\/{rel}","templated":true}]}}